{"id":835,"date":"2023-06-16T16:24:13","date_gmt":"2023-06-16T13:24:13","guid":{"rendered":"https:\/\/vsmhome.com\/?page_id=835"},"modified":"2023-06-19T11:46:05","modified_gmt":"2023-06-19T08:46:05","slug":"banyo-urunleri","status":"publish","type":"page","link":"https:\/\/vsmhome.com\/index.php\/banyo-urunleri\/","title":{"rendered":"Banyo \u00dcr\u00fcnleri"},"content":{"rendered":"\t\t<div data-elementor-type=\"wp-page\" data-elementor-id=\"835\" class=\"elementor elementor-835\">\n\t\t\t\t\t\t\t\t\t<section class=\"elementor-section elementor-top-section elementor-element elementor-element-561f394 elementor-section-full_width elementor-section-height-default elementor-section-height-default\" data-id=\"561f394\" data-element_type=\"section\">\n\t\t\t\t\t\t<div class=\"elementor-container elementor-column-gap-no\">\n\t\t\t\t\t<div class=\"elementor-column elementor-col-100 elementor-top-column elementor-element elementor-element-a322092\" data-id=\"a322092\" data-element_type=\"column\">\n\t\t\t<div class=\"elementor-widget-wrap elementor-element-populated\">\n\t\t\t\t\t\t\t\t<div class=\"elementor-element elementor-element-c63c006 elementor-widget elementor-widget-medibazar-breadcrumb\" data-id=\"c63c006\" data-element_type=\"widget\" data-widget_type=\"medibazar-breadcrumb.default\">\n\t\t\t\t<div class=\"elementor-widget-container\">\n\t\t\t<div class=\"breadcrumb-area pt-125 pb-125\" style=\"background-image:url(https:\/\/vsmhome.com\/wp-content\/uploads\/2023\/06\/ferhome-banyo-urunleri.jpg)\"><div class=\"container\"><div class=\"klb-breadcrumb-wrapper\"><div class=\"row\"><div class=\"col-xl-12\"><div class=\"breadcrumb-text\"><h2>Banyo \u00dcr\u00fcnleri<\/h2><\/div><\/div><ul class=\"breadcrumb-menu\"><li><a  href=\"https:\/\/vsmhome.com\" title=\"Home\" rel=\"bookmark\">Home<\/a> <\/li>  <\/ul><\/div><\/div><\/div><\/div>\t\t<\/div>\n\t\t\t\t<\/div>\n\t\t\t\t\t<\/div>\n\t\t<\/div>\n\t\t\t\t\t\t\t<\/div>\n\t\t<\/section>\n\t\t\t\t<section class=\"elementor-section elementor-top-section elementor-element elementor-element-cfd959b elementor-section-boxed elementor-section-height-default elementor-section-height-default\" data-id=\"cfd959b\" data-element_type=\"section\">\n\t\t\t\t\t\t<div class=\"elementor-container elementor-column-gap-default\">\n\t\t\t\t\t<div class=\"elementor-column elementor-col-33 elementor-top-column elementor-element elementor-element-f4b490a\" data-id=\"f4b490a\" data-element_type=\"column\" data-settings=\"{&quot;background_background&quot;:&quot;classic&quot;}\">\n\t\t\t<div class=\"elementor-widget-wrap elementor-element-populated\">\n\t\t\t\t\t\t\t\t<div class=\"elementor-element elementor-element-f769059 elementor-widget elementor-widget-image\" data-id=\"f769059\" data-element_type=\"widget\" data-widget_type=\"image.default\">\n\t\t\t\t<div class=\"elementor-widget-container\">\n\t\t\t<style>\/*! elementor - v3.13.2 - 11-05-2023 *\/\n.elementor-widget-image{text-align:center}.elementor-widget-image a{display:inline-block}.elementor-widget-image a img[src$=\".svg\"]{width:48px}.elementor-widget-image img{vertical-align:middle;display:inline-block}<\/style>\t\t\t\t\t\t\t\t\t\t\t\t<img loading=\"lazy\" decoding=\"async\" width=\"570\" height=\"517\" src=\"https:\/\/vsmhome.com\/wp-content\/uploads\/2023\/06\/Ferhome-Pratik-Sivi-Sabunluk-1.jpg\" class=\"attachment-large size-large wp-image-753\" alt=\"\" srcset=\"https:\/\/vsmhome.com\/wp-content\/uploads\/2023\/06\/Ferhome-Pratik-Sivi-Sabunluk-1.jpg 570w, https:\/\/vsmhome.com\/wp-content\/uploads\/2023\/06\/Ferhome-Pratik-Sivi-Sabunluk-1-300x272.jpg 300w, https:\/\/vsmhome.com\/wp-content\/uploads\/2023\/06\/Ferhome-Pratik-Sivi-Sabunluk-1-60x54.jpg 60w\" sizes=\"auto, (max-width: 570px) 100vw, 570px\" \/>\t\t\t\t\t\t\t\t\t\t\t\t\t\t\t<\/div>\n\t\t\t\t<\/div>\n\t\t\t\t<div class=\"elementor-element elementor-element-43c51a8 elementor-widget elementor-widget-heading\" data-id=\"43c51a8\" data-element_type=\"widget\" data-widget_type=\"heading.default\">\n\t\t\t\t<div class=\"elementor-widget-container\">\n\t\t\t<style>\/*! elementor - v3.13.2 - 11-05-2023 *\/\n.elementor-heading-title{padding:0;margin:0;line-height:1}.elementor-widget-heading .elementor-heading-title[class*=elementor-size-]>a{color:inherit;font-size:inherit;line-height:inherit}.elementor-widget-heading .elementor-heading-title.elementor-size-small{font-size:15px}.elementor-widget-heading .elementor-heading-title.elementor-size-medium{font-size:19px}.elementor-widget-heading .elementor-heading-title.elementor-size-large{font-size:29px}.elementor-widget-heading .elementor-heading-title.elementor-size-xl{font-size:39px}.elementor-widget-heading .elementor-heading-title.elementor-size-xxl{font-size:59px}<\/style><h2 class=\"elementor-heading-title elementor-size-default\">Pratik S\u0131v\u0131 Sabunluk<\/h2>\t\t<\/div>\n\t\t\t\t<\/div>\n\t\t\t\t<div class=\"elementor-element elementor-element-dc5d6ed elementor-align-center elementor-widget elementor-widget-button\" data-id=\"dc5d6ed\" data-element_type=\"widget\" data-settings=\"{&quot;_animation&quot;:&quot;none&quot;}\" data-widget_type=\"button.default\">\n\t\t\t\t<div class=\"elementor-widget-container\">\n\t\t\t\t\t<div class=\"elementor-button-wrapper\">\n\t\t\t<a href=\"https:\/\/vsmhome.com\/index.php\/product\/pratik-sivi-sabunluk\" class=\"elementor-button-link elementor-button elementor-size-md\" role=\"button\">\n\t\t\t\t\t\t<span class=\"elementor-button-content-wrapper\">\n\t\t\t\t\t\t\t<span class=\"elementor-button-icon elementor-align-icon-left\">\n\t\t\t\t<i aria-hidden=\"true\" class=\"far fa-arrow-alt-circle-right\"><\/i>\t\t\t<\/span>\n\t\t\t\t\t\t<span class=\"elementor-button-text\">\u00dcr\u00fcn\u00fc \u0130ncele<\/span>\n\t\t<\/span>\n\t\t\t\t\t<\/a>\n\t\t<\/div>\n\t\t\t\t<\/div>\n\t\t\t\t<\/div>\n\t\t\t\t\t<\/div>\n\t\t<\/div>\n\t\t\t\t<div class=\"elementor-column elementor-col-33 elementor-top-column elementor-element elementor-element-0dc0592\" data-id=\"0dc0592\" data-element_type=\"column\" data-settings=\"{&quot;background_background&quot;:&quot;classic&quot;}\">\n\t\t\t<div class=\"elementor-widget-wrap elementor-element-populated\">\n\t\t\t\t\t\t\t\t<div class=\"elementor-element elementor-element-4e83d33 elementor-widget elementor-widget-image\" data-id=\"4e83d33\" data-element_type=\"widget\" data-widget_type=\"image.default\">\n\t\t\t\t<div class=\"elementor-widget-container\">\n\t\t\t\t\t\t\t\t\t\t\t\t\t\t\t<img loading=\"lazy\" decoding=\"async\" width=\"570\" height=\"517\" src=\"https:\/\/vsmhome.com\/wp-content\/uploads\/2023\/06\/Ferhome-Buyuk-Sivi-Sabunluk-Sungerli.jpg\" class=\"attachment-large size-large wp-image-749\" alt=\"\" srcset=\"https:\/\/vsmhome.com\/wp-content\/uploads\/2023\/06\/Ferhome-Buyuk-Sivi-Sabunluk-Sungerli.jpg 570w, https:\/\/vsmhome.com\/wp-content\/uploads\/2023\/06\/Ferhome-Buyuk-Sivi-Sabunluk-Sungerli-300x272.jpg 300w, https:\/\/vsmhome.com\/wp-content\/uploads\/2023\/06\/Ferhome-Buyuk-Sivi-Sabunluk-Sungerli-60x54.jpg 60w\" sizes=\"auto, (max-width: 570px) 100vw, 570px\" \/>\t\t\t\t\t\t\t\t\t\t\t\t\t\t\t<\/div>\n\t\t\t\t<\/div>\n\t\t\t\t<div class=\"elementor-element elementor-element-ffaf157 elementor-widget elementor-widget-heading\" data-id=\"ffaf157\" data-element_type=\"widget\" data-widget_type=\"heading.default\">\n\t\t\t\t<div class=\"elementor-widget-container\">\n\t\t\t<h2 class=\"elementor-heading-title elementor-size-default\">B\u00fcy\u00fck S\u0131v\u0131 Sabunluk S\u00fcngerli<\/h2>\t\t<\/div>\n\t\t\t\t<\/div>\n\t\t\t\t<div class=\"elementor-element elementor-element-3243750 elementor-align-center elementor-widget elementor-widget-button\" data-id=\"3243750\" data-element_type=\"widget\" data-settings=\"{&quot;_animation&quot;:&quot;none&quot;}\" data-widget_type=\"button.default\">\n\t\t\t\t<div class=\"elementor-widget-container\">\n\t\t\t\t\t<div class=\"elementor-button-wrapper\">\n\t\t\t<a href=\"https:\/\/vsmhome.com\/index.php\/product\/buyuk-sivi-sabunluk-sungerli\" class=\"elementor-button-link elementor-button elementor-size-md\" role=\"button\">\n\t\t\t\t\t\t<span class=\"elementor-button-content-wrapper\">\n\t\t\t\t\t\t\t<span class=\"elementor-button-icon elementor-align-icon-left\">\n\t\t\t\t<i aria-hidden=\"true\" class=\"far fa-arrow-alt-circle-right\"><\/i>\t\t\t<\/span>\n\t\t\t\t\t\t<span class=\"elementor-button-text\">\u00dcr\u00fcn\u00fc \u0130ncele<\/span>\n\t\t<\/span>\n\t\t\t\t\t<\/a>\n\t\t<\/div>\n\t\t\t\t<\/div>\n\t\t\t\t<\/div>\n\t\t\t\t\t<\/div>\n\t\t<\/div>\n\t\t\t\t<div class=\"elementor-column elementor-col-33 elementor-top-column elementor-element elementor-element-f1329c7\" data-id=\"f1329c7\" data-element_type=\"column\" data-settings=\"{&quot;background_background&quot;:&quot;classic&quot;}\">\n\t\t\t<div class=\"elementor-widget-wrap elementor-element-populated\">\n\t\t\t\t\t\t\t\t<div class=\"elementor-element elementor-element-8e03d49 elementor-widget elementor-widget-image\" data-id=\"8e03d49\" data-element_type=\"widget\" data-widget_type=\"image.default\">\n\t\t\t\t<div class=\"elementor-widget-container\">\n\t\t\t\t\t\t\t\t\t\t\t\t\t\t\t<img loading=\"lazy\" decoding=\"async\" width=\"570\" height=\"517\" src=\"https:\/\/vsmhome.com\/wp-content\/uploads\/2023\/06\/Ferhome-Kucuk-Sivi-Sabunluk-Sungerli-1.jpg\" class=\"attachment-large size-large wp-image-746\" alt=\"\" srcset=\"https:\/\/vsmhome.com\/wp-content\/uploads\/2023\/06\/Ferhome-Kucuk-Sivi-Sabunluk-Sungerli-1.jpg 570w, https:\/\/vsmhome.com\/wp-content\/uploads\/2023\/06\/Ferhome-Kucuk-Sivi-Sabunluk-Sungerli-1-300x272.jpg 300w, https:\/\/vsmhome.com\/wp-content\/uploads\/2023\/06\/Ferhome-Kucuk-Sivi-Sabunluk-Sungerli-1-60x54.jpg 60w\" sizes=\"auto, (max-width: 570px) 100vw, 570px\" \/>\t\t\t\t\t\t\t\t\t\t\t\t\t\t\t<\/div>\n\t\t\t\t<\/div>\n\t\t\t\t<div class=\"elementor-element elementor-element-d8679d4 elementor-widget elementor-widget-heading\" data-id=\"d8679d4\" data-element_type=\"widget\" data-widget_type=\"heading.default\">\n\t\t\t\t<div class=\"elementor-widget-container\">\n\t\t\t<h2 class=\"elementor-heading-title elementor-size-default\">K\u00fc\u00e7\u00fck S\u0131v\u0131 Sabunluk S\u00fcngerli<\/h2>\t\t<\/div>\n\t\t\t\t<\/div>\n\t\t\t\t<div class=\"elementor-element elementor-element-dd62d31 elementor-align-center elementor-widget elementor-widget-button\" data-id=\"dd62d31\" data-element_type=\"widget\" data-settings=\"{&quot;_animation&quot;:&quot;none&quot;}\" data-widget_type=\"button.default\">\n\t\t\t\t<div class=\"elementor-widget-container\">\n\t\t\t\t\t<div class=\"elementor-button-wrapper\">\n\t\t\t<a href=\"https:\/\/vsmhome.com\/index.php\/product\/kucuk-sivi-sabunluk-sungerli\" class=\"elementor-button-link elementor-button elementor-size-md\" role=\"button\">\n\t\t\t\t\t\t<span class=\"elementor-button-content-wrapper\">\n\t\t\t\t\t\t\t<span class=\"elementor-button-icon elementor-align-icon-left\">\n\t\t\t\t<i aria-hidden=\"true\" class=\"far fa-arrow-alt-circle-right\"><\/i>\t\t\t<\/span>\n\t\t\t\t\t\t<span class=\"elementor-button-text\">\u00dcr\u00fcn\u00fc \u0130ncele<\/span>\n\t\t<\/span>\n\t\t\t\t\t<\/a>\n\t\t<\/div>\n\t\t\t\t<\/div>\n\t\t\t\t<\/div>\n\t\t\t\t\t<\/div>\n\t\t<\/div>\n\t\t\t\t\t\t\t<\/div>\n\t\t<\/section>\n\t\t\t\t<section class=\"elementor-section elementor-top-section elementor-element elementor-element-6852b10 elementor-section-boxed elementor-section-height-default elementor-section-height-default\" data-id=\"6852b10\" data-element_type=\"section\">\n\t\t\t\t\t\t<div class=\"elementor-container elementor-column-gap-default\">\n\t\t\t\t\t<div class=\"elementor-column elementor-col-33 elementor-top-column elementor-element elementor-element-d4312e2\" data-id=\"d4312e2\" data-element_type=\"column\" data-settings=\"{&quot;background_background&quot;:&quot;classic&quot;}\">\n\t\t\t<div class=\"elementor-widget-wrap elementor-element-populated\">\n\t\t\t\t\t\t\t\t<div class=\"elementor-element elementor-element-055b237 elementor-widget elementor-widget-image\" data-id=\"055b237\" data-element_type=\"widget\" data-widget_type=\"image.default\">\n\t\t\t\t<div class=\"elementor-widget-container\">\n\t\t\t\t\t\t\t\t\t\t\t\t\t\t\t<img loading=\"lazy\" decoding=\"async\" width=\"570\" height=\"517\" src=\"https:\/\/vsmhome.com\/wp-content\/uploads\/2023\/06\/Queen-Bolmeli-Kapakli-Organizer-Kutu-3.jpg\" class=\"attachment-large size-large wp-image-790\" alt=\"\" srcset=\"https:\/\/vsmhome.com\/wp-content\/uploads\/2023\/06\/Queen-Bolmeli-Kapakli-Organizer-Kutu-3.jpg 570w, https:\/\/vsmhome.com\/wp-content\/uploads\/2023\/06\/Queen-Bolmeli-Kapakli-Organizer-Kutu-3-300x272.jpg 300w, https:\/\/vsmhome.com\/wp-content\/uploads\/2023\/06\/Queen-Bolmeli-Kapakli-Organizer-Kutu-3-60x54.jpg 60w\" sizes=\"auto, (max-width: 570px) 100vw, 570px\" \/>\t\t\t\t\t\t\t\t\t\t\t\t\t\t\t<\/div>\n\t\t\t\t<\/div>\n\t\t\t\t<div class=\"elementor-element elementor-element-814b92a elementor-widget elementor-widget-heading\" data-id=\"814b92a\" data-element_type=\"widget\" data-widget_type=\"heading.default\">\n\t\t\t\t<div class=\"elementor-widget-container\">\n\t\t\t<h2 class=\"elementor-heading-title elementor-size-default\">Queen B\u00f6lmeli Organizer Kutu<\/h2>\t\t<\/div>\n\t\t\t\t<\/div>\n\t\t\t\t<div class=\"elementor-element elementor-element-9d65ea3 elementor-align-center elementor-widget elementor-widget-button\" data-id=\"9d65ea3\" data-element_type=\"widget\" data-settings=\"{&quot;_animation&quot;:&quot;none&quot;}\" data-widget_type=\"button.default\">\n\t\t\t\t<div class=\"elementor-widget-container\">\n\t\t\t\t\t<div class=\"elementor-button-wrapper\">\n\t\t\t<a href=\"https:\/\/vsmhome.com\/index.php\/product\/queen-bolmeli-kapakli-organizer-kutu\/\" class=\"elementor-button-link elementor-button elementor-size-md\" role=\"button\">\n\t\t\t\t\t\t<span class=\"elementor-button-content-wrapper\">\n\t\t\t\t\t\t\t<span class=\"elementor-button-icon elementor-align-icon-left\">\n\t\t\t\t<i aria-hidden=\"true\" class=\"far fa-arrow-alt-circle-right\"><\/i>\t\t\t<\/span>\n\t\t\t\t\t\t<span class=\"elementor-button-text\">\u00dcr\u00fcn\u00fc \u0130ncele<\/span>\n\t\t<\/span>\n\t\t\t\t\t<\/a>\n\t\t<\/div>\n\t\t\t\t<\/div>\n\t\t\t\t<\/div>\n\t\t\t\t\t<\/div>\n\t\t<\/div>\n\t\t\t\t<div class=\"elementor-column elementor-col-33 elementor-top-column elementor-element elementor-element-f5de0dd\" data-id=\"f5de0dd\" data-element_type=\"column\" data-settings=\"{&quot;background_background&quot;:&quot;classic&quot;}\">\n\t\t\t<div class=\"elementor-widget-wrap elementor-element-populated\">\n\t\t\t\t\t\t\t\t<div class=\"elementor-element elementor-element-1b3350e elementor-widget elementor-widget-image\" data-id=\"1b3350e\" data-element_type=\"widget\" data-widget_type=\"image.default\">\n\t\t\t\t<div class=\"elementor-widget-container\">\n\t\t\t\t\t\t\t\t\t\t\t\t\t\t\t<img loading=\"lazy\" decoding=\"async\" width=\"540\" height=\"517\" src=\"https:\/\/vsmhome.com\/wp-content\/uploads\/2023\/06\/plastik-mutfak-banyo-aski-1-1.jpg\" class=\"attachment-large size-large wp-image-1038\" alt=\"\" srcset=\"https:\/\/vsmhome.com\/wp-content\/uploads\/2023\/06\/plastik-mutfak-banyo-aski-1-1.jpg 540w, https:\/\/vsmhome.com\/wp-content\/uploads\/2023\/06\/plastik-mutfak-banyo-aski-1-1-300x287.jpg 300w, https:\/\/vsmhome.com\/wp-content\/uploads\/2023\/06\/plastik-mutfak-banyo-aski-1-1-56x54.jpg 56w\" sizes=\"auto, (max-width: 540px) 100vw, 540px\" \/>\t\t\t\t\t\t\t\t\t\t\t\t\t\t\t<\/div>\n\t\t\t\t<\/div>\n\t\t\t\t<div class=\"elementor-element elementor-element-5c1fa96 elementor-widget elementor-widget-heading\" data-id=\"5c1fa96\" data-element_type=\"widget\" data-widget_type=\"heading.default\">\n\t\t\t\t<div class=\"elementor-widget-container\">\n\t\t\t<h2 class=\"elementor-heading-title elementor-size-default\">Plastik Mutfak Banyo Ask\u0131s\u0131 6\u2019l\u0131<\/h2>\t\t<\/div>\n\t\t\t\t<\/div>\n\t\t\t\t<div class=\"elementor-element elementor-element-8084ef8 elementor-align-center elementor-widget elementor-widget-button\" data-id=\"8084ef8\" data-element_type=\"widget\" data-settings=\"{&quot;_animation&quot;:&quot;none&quot;}\" data-widget_type=\"button.default\">\n\t\t\t\t<div class=\"elementor-widget-container\">\n\t\t\t\t\t<div class=\"elementor-button-wrapper\">\n\t\t\t<a href=\"https:\/\/vsmhome.com\/index.php\/product\/plastik-mutfak-banyo-askisi-6li\/\" class=\"elementor-button-link elementor-button elementor-size-md\" role=\"button\">\n\t\t\t\t\t\t<span class=\"elementor-button-content-wrapper\">\n\t\t\t\t\t\t\t<span class=\"elementor-button-icon elementor-align-icon-left\">\n\t\t\t\t<i aria-hidden=\"true\" class=\"far fa-arrow-alt-circle-right\"><\/i>\t\t\t<\/span>\n\t\t\t\t\t\t<span class=\"elementor-button-text\">\u00dcr\u00fcn\u00fc \u0130ncele<\/span>\n\t\t<\/span>\n\t\t\t\t\t<\/a>\n\t\t<\/div>\n\t\t\t\t<\/div>\n\t\t\t\t<\/div>\n\t\t\t\t\t<\/div>\n\t\t<\/div>\n\t\t\t\t<div class=\"elementor-column elementor-col-33 elementor-top-column elementor-element elementor-element-d12d621\" data-id=\"d12d621\" data-element_type=\"column\" data-settings=\"{&quot;background_background&quot;:&quot;classic&quot;}\">\n\t\t\t<div class=\"elementor-widget-wrap elementor-element-populated\">\n\t\t\t\t\t\t\t\t<div class=\"elementor-element elementor-element-d6bf6b0 elementor-widget elementor-widget-image\" data-id=\"d6bf6b0\" data-element_type=\"widget\" data-widget_type=\"image.default\">\n\t\t\t\t<div class=\"elementor-widget-container\">\n\t\t\t\t\t\t\t\t\t\t\t\t\t\t\t<img loading=\"lazy\" decoding=\"async\" width=\"540\" height=\"517\" src=\"https:\/\/vsmhome.com\/wp-content\/uploads\/2023\/06\/plastik-mutfak-banyo-aski-1.jpg\" class=\"attachment-large size-large wp-image-1037\" alt=\"\" srcset=\"https:\/\/vsmhome.com\/wp-content\/uploads\/2023\/06\/plastik-mutfak-banyo-aski-1.jpg 540w, https:\/\/vsmhome.com\/wp-content\/uploads\/2023\/06\/plastik-mutfak-banyo-aski-1-300x287.jpg 300w, https:\/\/vsmhome.com\/wp-content\/uploads\/2023\/06\/plastik-mutfak-banyo-aski-1-56x54.jpg 56w\" sizes=\"auto, (max-width: 540px) 100vw, 540px\" \/>\t\t\t\t\t\t\t\t\t\t\t\t\t\t\t<\/div>\n\t\t\t\t<\/div>\n\t\t\t\t<div class=\"elementor-element elementor-element-8d83d91 elementor-widget elementor-widget-heading\" data-id=\"8d83d91\" data-element_type=\"widget\" data-widget_type=\"heading.default\">\n\t\t\t\t<div class=\"elementor-widget-container\">\n\t\t\t<h2 class=\"elementor-heading-title elementor-size-default\">Plastik Mutfak Banyo Ask\u0131s\u0131<\/h2>\t\t<\/div>\n\t\t\t\t<\/div>\n\t\t\t\t<div class=\"elementor-element elementor-element-3e6d90c elementor-align-center elementor-widget elementor-widget-button\" data-id=\"3e6d90c\" data-element_type=\"widget\" data-settings=\"{&quot;_animation&quot;:&quot;none&quot;}\" data-widget_type=\"button.default\">\n\t\t\t\t<div class=\"elementor-widget-container\">\n\t\t\t\t\t<div class=\"elementor-button-wrapper\">\n\t\t\t<a href=\"https:\/\/vsmhome.com\/index.php\/product\/plastik-mutfak-banyo-askisi\/\" class=\"elementor-button-link elementor-button elementor-size-md\" role=\"button\">\n\t\t\t\t\t\t<span class=\"elementor-button-content-wrapper\">\n\t\t\t\t\t\t\t<span class=\"elementor-button-icon elementor-align-icon-left\">\n\t\t\t\t<i aria-hidden=\"true\" class=\"far fa-arrow-alt-circle-right\"><\/i>\t\t\t<\/span>\n\t\t\t\t\t\t<span class=\"elementor-button-text\">\u00dcr\u00fcn\u00fc \u0130ncele<\/span>\n\t\t<\/span>\n\t\t\t\t\t<\/a>\n\t\t<\/div>\n\t\t\t\t<\/div>\n\t\t\t\t<\/div>\n\t\t\t\t\t<\/div>\n\t\t<\/div>\n\t\t\t\t\t\t\t<\/div>\n\t\t<\/section>\n\t\t\t\t<section class=\"elementor-section elementor-top-section elementor-element elementor-element-2a451da elementor-section-boxed elementor-section-height-default elementor-section-height-default\" data-id=\"2a451da\" data-element_type=\"section\">\n\t\t\t\t\t\t<div class=\"elementor-container elementor-column-gap-default\">\n\t\t\t\t\t<div class=\"elementor-column elementor-col-33 elementor-top-column elementor-element elementor-element-bca4992\" data-id=\"bca4992\" data-element_type=\"column\" data-settings=\"{&quot;background_background&quot;:&quot;classic&quot;}\">\n\t\t\t<div class=\"elementor-widget-wrap\">\n\t\t\t\t\t\t\t\t\t<\/div>\n\t\t<\/div>\n\t\t\t\t<div class=\"elementor-column elementor-col-33 elementor-top-column elementor-element elementor-element-178c470\" data-id=\"178c470\" data-element_type=\"column\" data-settings=\"{&quot;background_background&quot;:&quot;classic&quot;}\">\n\t\t\t<div class=\"elementor-widget-wrap elementor-element-populated\">\n\t\t\t\t\t\t\t\t<div class=\"elementor-element elementor-element-c3967ff elementor-widget elementor-widget-image\" data-id=\"c3967ff\" data-element_type=\"widget\" data-widget_type=\"image.default\">\n\t\t\t\t<div class=\"elementor-widget-container\">\n\t\t\t\t\t\t\t\t\t\t\t\t\t\t\t<img loading=\"lazy\" decoding=\"async\" width=\"570\" height=\"517\" src=\"https:\/\/vsmhome.com\/wp-content\/uploads\/2023\/06\/Queen-Banyo-Seti-3lu-1.jpg\" class=\"attachment-large size-large wp-image-801\" alt=\"\" srcset=\"https:\/\/vsmhome.com\/wp-content\/uploads\/2023\/06\/Queen-Banyo-Seti-3lu-1.jpg 570w, https:\/\/vsmhome.com\/wp-content\/uploads\/2023\/06\/Queen-Banyo-Seti-3lu-1-300x272.jpg 300w, https:\/\/vsmhome.com\/wp-content\/uploads\/2023\/06\/Queen-Banyo-Seti-3lu-1-60x54.jpg 60w\" sizes=\"auto, (max-width: 570px) 100vw, 570px\" \/>\t\t\t\t\t\t\t\t\t\t\t\t\t\t\t<\/div>\n\t\t\t\t<\/div>\n\t\t\t\t<div class=\"elementor-element elementor-element-564d1d0 elementor-widget elementor-widget-heading\" data-id=\"564d1d0\" data-element_type=\"widget\" data-widget_type=\"heading.default\">\n\t\t\t\t<div class=\"elementor-widget-container\">\n\t\t\t<h2 class=\"elementor-heading-title elementor-size-default\">Queen Banyo Seti 3\u2019l\u00fc<\/h2>\t\t<\/div>\n\t\t\t\t<\/div>\n\t\t\t\t<div class=\"elementor-element elementor-element-7c543fd elementor-align-center elementor-widget elementor-widget-button\" data-id=\"7c543fd\" data-element_type=\"widget\" data-settings=\"{&quot;_animation&quot;:&quot;none&quot;}\" data-widget_type=\"button.default\">\n\t\t\t\t<div class=\"elementor-widget-container\">\n\t\t\t\t\t<div class=\"elementor-button-wrapper\">\n\t\t\t<a href=\"https:\/\/vsmhome.com\/index.php\/product\/queen-banyo-seti-3lu\/\" class=\"elementor-button-link elementor-button elementor-size-md\" role=\"button\">\n\t\t\t\t\t\t<span class=\"elementor-button-content-wrapper\">\n\t\t\t\t\t\t\t<span class=\"elementor-button-icon elementor-align-icon-left\">\n\t\t\t\t<i aria-hidden=\"true\" class=\"far fa-arrow-alt-circle-right\"><\/i>\t\t\t<\/span>\n\t\t\t\t\t\t<span class=\"elementor-button-text\">\u00dcr\u00fcn\u00fc \u0130ncele<\/span>\n\t\t<\/span>\n\t\t\t\t\t<\/a>\n\t\t<\/div>\n\t\t\t\t<\/div>\n\t\t\t\t<\/div>\n\t\t\t\t\t<\/div>\n\t\t<\/div>\n\t\t\t\t<div class=\"elementor-column elementor-col-33 elementor-top-column elementor-element elementor-element-a3760fb\" data-id=\"a3760fb\" data-element_type=\"column\" data-settings=\"{&quot;background_background&quot;:&quot;classic&quot;}\">\n\t\t\t<div class=\"elementor-widget-wrap\">\n\t\t\t\t\t\t\t\t\t<\/div>\n\t\t<\/div>\n\t\t\t\t\t\t\t<\/div>\n\t\t<\/section>\n\t\t\t\t\t\t\t<\/div>\n\t\t","protected":false},"excerpt":{"rendered":"<p>Banyo \u00dcr\u00fcnleri Home Pratik S\u0131v\u0131 Sabunluk \u00dcr\u00fcn\u00fc \u0130ncele B\u00fcy\u00fck S\u0131v\u0131 Sabunluk S\u00fcngerli \u00dcr\u00fcn\u00fc \u0130ncele K\u00fc\u00e7\u00fck S\u0131v\u0131 Sabunluk S\u00fcngerli \u00dcr\u00fcn\u00fc \u0130ncele Queen B\u00f6lmeli Organizer Kutu \u00dcr\u00fcn\u00fc \u0130ncele Plastik Mutfak Banyo Ask\u0131s\u0131 6\u2019l\u0131 \u00dcr\u00fcn\u00fc \u0130ncele Plastik Mutfak Banyo Ask\u0131s\u0131 \u00dcr\u00fcn\u00fc \u0130ncele Queen Banyo Seti 3\u2019l\u00fc \u00dcr\u00fcn\u00fc \u0130ncele<\/p>\n","protected":false},"author":1,"featured_media":0,"parent":0,"menu_order":0,"comment_status":"closed","ping_status":"closed","template":"","meta":{"footnotes":""},"class_list":["post-835","page","type-page","status-publish","hentry"],"_links":{"self":[{"href":"https:\/\/vsmhome.com\/index.php\/wp-json\/wp\/v2\/pages\/835","targetHints":{"allow":["GET"]}}],"collection":[{"href":"https:\/\/vsmhome.com\/index.php\/wp-json\/wp\/v2\/pages"}],"about":[{"href":"https:\/\/vsmhome.com\/index.php\/wp-json\/wp\/v2\/types\/page"}],"author":[{"embeddable":true,"href":"https:\/\/vsmhome.com\/index.php\/wp-json\/wp\/v2\/users\/1"}],"replies":[{"embeddable":true,"href":"https:\/\/vsmhome.com\/index.php\/wp-json\/wp\/v2\/comments?post=835"}],"version-history":[{"count":19,"href":"https:\/\/vsmhome.com\/index.php\/wp-json\/wp\/v2\/pages\/835\/revisions"}],"predecessor-version":[{"id":1131,"href":"https:\/\/vsmhome.com\/index.php\/wp-json\/wp\/v2\/pages\/835\/revisions\/1131"}],"wp:attachment":[{"href":"https:\/\/vsmhome.com\/index.php\/wp-json\/wp\/v2\/media?parent=835"}],"curies":[{"name":"wp","href":"https:\/\/api.w.org\/{rel}","templated":true}]}}