{"id":841,"date":"2023-06-16T16:41:21","date_gmt":"2023-06-16T13:41:21","guid":{"rendered":"https:\/\/vsmhome.com\/?page_id=841"},"modified":"2025-07-12T18:43:53","modified_gmt":"2025-07-12T15:43:53","slug":"kesim-panolari","status":"publish","type":"page","link":"https:\/\/vsmhome.com\/index.php\/kesim-panolari\/","title":{"rendered":"Kesim Panolar\u0131"},"content":{"rendered":"\t\t<div data-elementor-type=\"wp-page\" data-elementor-id=\"841\" class=\"elementor elementor-841\">\n\t\t\t\t\t\t\t\t\t<section class=\"elementor-section elementor-top-section elementor-element elementor-element-561f394 elementor-section-full_width elementor-section-height-default elementor-section-height-default\" data-id=\"561f394\" data-element_type=\"section\">\n\t\t\t\t\t\t<div class=\"elementor-container elementor-column-gap-no\">\n\t\t\t\t\t<div class=\"elementor-column elementor-col-100 elementor-top-column elementor-element elementor-element-a322092\" data-id=\"a322092\" data-element_type=\"column\">\n\t\t\t<div class=\"elementor-widget-wrap elementor-element-populated\">\n\t\t\t\t\t\t\t\t<div class=\"elementor-element elementor-element-c63c006 elementor-widget elementor-widget-medibazar-breadcrumb\" data-id=\"c63c006\" data-element_type=\"widget\" data-widget_type=\"medibazar-breadcrumb.default\">\n\t\t\t\t<div class=\"elementor-widget-container\">\n\t\t\t<div class=\"breadcrumb-area pt-125 pb-125\" style=\"background-image:url(https:\/\/vsmhome.com\/wp-content\/uploads\/2023\/06\/ferhome-kesim-panosu.jpg)\"><div class=\"container\"><div class=\"klb-breadcrumb-wrapper\"><div class=\"row\"><div class=\"col-xl-12\"><div class=\"breadcrumb-text\"><h2>Kesim Panolar\u0131<\/h2><\/div><\/div><ul class=\"breadcrumb-menu\"><li><a  href=\"https:\/\/vsmhome.com\" title=\"Home\" rel=\"bookmark\">Home<\/a> <\/li>  <\/ul><\/div><\/div><\/div><\/div>\t\t<\/div>\n\t\t\t\t<\/div>\n\t\t\t\t\t<\/div>\n\t\t<\/div>\n\t\t\t\t\t\t\t<\/div>\n\t\t<\/section>\n\t\t\t\t<section class=\"elementor-section elementor-top-section elementor-element elementor-element-6852b10 elementor-section-boxed elementor-section-height-default elementor-section-height-default\" data-id=\"6852b10\" data-element_type=\"section\">\n\t\t\t\t\t\t<div class=\"elementor-container elementor-column-gap-default\">\n\t\t\t\t\t<div class=\"elementor-column elementor-col-25 elementor-top-column elementor-element elementor-element-d12d621\" data-id=\"d12d621\" data-element_type=\"column\" data-settings=\"{&quot;background_background&quot;:&quot;classic&quot;}\">\n\t\t\t<div class=\"elementor-widget-wrap elementor-element-populated\">\n\t\t\t\t\t\t\t\t<div class=\"elementor-element elementor-element-d6bf6b0 elementor-widget elementor-widget-image\" data-id=\"d6bf6b0\" data-element_type=\"widget\" data-widget_type=\"image.default\">\n\t\t\t\t<div class=\"elementor-widget-container\">\n\t\t\t<style>\/*! elementor - v3.13.2 - 11-05-2023 *\/\n.elementor-widget-image{text-align:center}.elementor-widget-image a{display:inline-block}.elementor-widget-image a img[src$=\".svg\"]{width:48px}.elementor-widget-image img{vertical-align:middle;display:inline-block}<\/style>\t\t\t\t\t\t\t\t\t\t\t\t<img loading=\"lazy\" decoding=\"async\" width=\"570\" height=\"517\" src=\"https:\/\/vsmhome.com\/wp-content\/uploads\/2020\/09\/Ferhome-buyuk-duz-kesim-panosu-fr-108.png\" class=\"attachment-large size-large wp-image-709\" alt=\"\" srcset=\"https:\/\/vsmhome.com\/wp-content\/uploads\/2020\/09\/Ferhome-buyuk-duz-kesim-panosu-fr-108.png 570w, https:\/\/vsmhome.com\/wp-content\/uploads\/2020\/09\/Ferhome-buyuk-duz-kesim-panosu-fr-108-300x272.png 300w, https:\/\/vsmhome.com\/wp-content\/uploads\/2020\/09\/Ferhome-buyuk-duz-kesim-panosu-fr-108-60x54.png 60w\" sizes=\"auto, (max-width: 570px) 100vw, 570px\" \/>\t\t\t\t\t\t\t\t\t\t\t\t\t\t\t<\/div>\n\t\t\t\t<\/div>\n\t\t\t\t<div class=\"elementor-element elementor-element-8d83d91 elementor-widget elementor-widget-heading\" data-id=\"8d83d91\" data-element_type=\"widget\" data-widget_type=\"heading.default\">\n\t\t\t\t<div class=\"elementor-widget-container\">\n\t\t\t<style>\/*! elementor - v3.13.2 - 11-05-2023 *\/\n.elementor-heading-title{padding:0;margin:0;line-height:1}.elementor-widget-heading .elementor-heading-title[class*=elementor-size-]>a{color:inherit;font-size:inherit;line-height:inherit}.elementor-widget-heading .elementor-heading-title.elementor-size-small{font-size:15px}.elementor-widget-heading .elementor-heading-title.elementor-size-medium{font-size:19px}.elementor-widget-heading .elementor-heading-title.elementor-size-large{font-size:29px}.elementor-widget-heading .elementor-heading-title.elementor-size-xl{font-size:39px}.elementor-widget-heading .elementor-heading-title.elementor-size-xxl{font-size:59px}<\/style><h2 class=\"elementor-heading-title elementor-size-default\">B\u00fcy\u00fck D\u00fcz Kesim Panosu<\/h2>\t\t<\/div>\n\t\t\t\t<\/div>\n\t\t\t\t<div class=\"elementor-element elementor-element-3e6d90c elementor-align-center elementor-widget elementor-widget-button\" data-id=\"3e6d90c\" data-element_type=\"widget\" data-settings=\"{&quot;_animation&quot;:&quot;none&quot;}\" data-widget_type=\"button.default\">\n\t\t\t\t<div class=\"elementor-widget-container\">\n\t\t\t\t\t<div class=\"elementor-button-wrapper\">\n\t\t\t<a href=\"https:\/\/vsmhome.com\/index.php\/product\/buyuk-duz-kesim-panosu\/\" class=\"elementor-button-link elementor-button elementor-size-md\" role=\"button\">\n\t\t\t\t\t\t<span class=\"elementor-button-content-wrapper\">\n\t\t\t\t\t\t\t<span class=\"elementor-button-icon elementor-align-icon-left\">\n\t\t\t\t<i aria-hidden=\"true\" class=\"far fa-arrow-alt-circle-right\"><\/i>\t\t\t<\/span>\n\t\t\t\t\t\t<span class=\"elementor-button-text\">\u00dcr\u00fcn\u00fc \u0130ncele<\/span>\n\t\t<\/span>\n\t\t\t\t\t<\/a>\n\t\t<\/div>\n\t\t\t\t<\/div>\n\t\t\t\t<\/div>\n\t\t\t\t\t<\/div>\n\t\t<\/div>\n\t\t\t\t<div class=\"elementor-column elementor-col-25 elementor-top-column elementor-element elementor-element-d4312e2\" data-id=\"d4312e2\" data-element_type=\"column\" data-settings=\"{&quot;background_background&quot;:&quot;classic&quot;}\">\n\t\t\t<div class=\"elementor-widget-wrap elementor-element-populated\">\n\t\t\t\t\t\t\t\t<div class=\"elementor-element elementor-element-055b237 elementor-widget elementor-widget-image\" data-id=\"055b237\" data-element_type=\"widget\" data-widget_type=\"image.default\">\n\t\t\t\t<div class=\"elementor-widget-container\">\n\t\t\t\t\t\t\t\t\t\t\t\t\t\t\t<img loading=\"lazy\" decoding=\"async\" width=\"570\" height=\"517\" src=\"https:\/\/vsmhome.com\/wp-content\/uploads\/2020\/09\/Ferhome-buyuk-sapli-kesim-panosu-fr-105.png\" class=\"attachment-large size-large wp-image-705\" alt=\"\" srcset=\"https:\/\/vsmhome.com\/wp-content\/uploads\/2020\/09\/Ferhome-buyuk-sapli-kesim-panosu-fr-105.png 570w, https:\/\/vsmhome.com\/wp-content\/uploads\/2020\/09\/Ferhome-buyuk-sapli-kesim-panosu-fr-105-300x272.png 300w, https:\/\/vsmhome.com\/wp-content\/uploads\/2020\/09\/Ferhome-buyuk-sapli-kesim-panosu-fr-105-60x54.png 60w\" sizes=\"auto, (max-width: 570px) 100vw, 570px\" \/>\t\t\t\t\t\t\t\t\t\t\t\t\t\t\t<\/div>\n\t\t\t\t<\/div>\n\t\t\t\t<div class=\"elementor-element elementor-element-814b92a elementor-widget elementor-widget-heading\" data-id=\"814b92a\" data-element_type=\"widget\" data-widget_type=\"heading.default\">\n\t\t\t\t<div class=\"elementor-widget-container\">\n\t\t\t<h2 class=\"elementor-heading-title elementor-size-default\">B\u00fcy\u00fck Sapl\u0131 Kesim Panosu<\/h2>\t\t<\/div>\n\t\t\t\t<\/div>\n\t\t\t\t<div class=\"elementor-element elementor-element-9d65ea3 elementor-align-center elementor-widget elementor-widget-button\" data-id=\"9d65ea3\" data-element_type=\"widget\" data-settings=\"{&quot;_animation&quot;:&quot;none&quot;}\" data-widget_type=\"button.default\">\n\t\t\t\t<div class=\"elementor-widget-container\">\n\t\t\t\t\t<div class=\"elementor-button-wrapper\">\n\t\t\t<a href=\"https:\/\/vsmhome.com\/index.php\/product\/buyuk-sapli-kesim-panosu\/\" class=\"elementor-button-link elementor-button elementor-size-md\" role=\"button\">\n\t\t\t\t\t\t<span class=\"elementor-button-content-wrapper\">\n\t\t\t\t\t\t\t<span class=\"elementor-button-icon elementor-align-icon-left\">\n\t\t\t\t<i aria-hidden=\"true\" class=\"far fa-arrow-alt-circle-right\"><\/i>\t\t\t<\/span>\n\t\t\t\t\t\t<span class=\"elementor-button-text\">\u00dcr\u00fcn\u00fc \u0130ncele<\/span>\n\t\t<\/span>\n\t\t\t\t\t<\/a>\n\t\t<\/div>\n\t\t\t\t<\/div>\n\t\t\t\t<\/div>\n\t\t\t\t\t<\/div>\n\t\t<\/div>\n\t\t\t\t<div class=\"elementor-column elementor-col-25 elementor-top-column elementor-element elementor-element-c89357e\" data-id=\"c89357e\" data-element_type=\"column\" data-settings=\"{&quot;background_background&quot;:&quot;classic&quot;}\">\n\t\t\t<div class=\"elementor-widget-wrap elementor-element-populated\">\n\t\t\t\t\t\t\t\t<div class=\"elementor-element elementor-element-85d5313 elementor-widget elementor-widget-image\" data-id=\"85d5313\" data-element_type=\"widget\" data-widget_type=\"image.default\">\n\t\t\t\t<div class=\"elementor-widget-container\">\n\t\t\t\t\t\t\t\t\t\t\t\t\t\t\t<img loading=\"lazy\" decoding=\"async\" width=\"570\" height=\"517\" src=\"https:\/\/vsmhome.com\/wp-content\/uploads\/2020\/09\/Ferhome-luks-kesim-panosu-fr-104.png\" class=\"attachment-large size-large wp-image-701\" alt=\"\" srcset=\"https:\/\/vsmhome.com\/wp-content\/uploads\/2020\/09\/Ferhome-luks-kesim-panosu-fr-104.png 570w, https:\/\/vsmhome.com\/wp-content\/uploads\/2020\/09\/Ferhome-luks-kesim-panosu-fr-104-300x272.png 300w, https:\/\/vsmhome.com\/wp-content\/uploads\/2020\/09\/Ferhome-luks-kesim-panosu-fr-104-60x54.png 60w\" sizes=\"auto, (max-width: 570px) 100vw, 570px\" \/>\t\t\t\t\t\t\t\t\t\t\t\t\t\t\t<\/div>\n\t\t\t\t<\/div>\n\t\t\t\t<div class=\"elementor-element elementor-element-2653fad elementor-widget elementor-widget-heading\" data-id=\"2653fad\" data-element_type=\"widget\" data-widget_type=\"heading.default\">\n\t\t\t\t<div class=\"elementor-widget-container\">\n\t\t\t<h2 class=\"elementor-heading-title elementor-size-default\">L\u00fcks Kesim Panosu<\/h2>\t\t<\/div>\n\t\t\t\t<\/div>\n\t\t\t\t<div class=\"elementor-element elementor-element-f0cf56a elementor-align-center elementor-widget elementor-widget-button\" data-id=\"f0cf56a\" data-element_type=\"widget\" data-settings=\"{&quot;_animation&quot;:&quot;none&quot;}\" data-widget_type=\"button.default\">\n\t\t\t\t<div class=\"elementor-widget-container\">\n\t\t\t\t\t<div class=\"elementor-button-wrapper\">\n\t\t\t<a href=\"https:\/\/vsmhome.com\/index.php\/product\/luks-kesim-panosu\/\" class=\"elementor-button-link elementor-button elementor-size-md\" role=\"button\">\n\t\t\t\t\t\t<span class=\"elementor-button-content-wrapper\">\n\t\t\t\t\t\t\t<span class=\"elementor-button-icon elementor-align-icon-left\">\n\t\t\t\t<i aria-hidden=\"true\" class=\"far fa-arrow-alt-circle-right\"><\/i>\t\t\t<\/span>\n\t\t\t\t\t\t<span class=\"elementor-button-text\">\u00dcr\u00fcn\u00fc \u0130ncele<\/span>\n\t\t<\/span>\n\t\t\t\t\t<\/a>\n\t\t<\/div>\n\t\t\t\t<\/div>\n\t\t\t\t<\/div>\n\t\t\t\t\t<\/div>\n\t\t<\/div>\n\t\t\t\t<div class=\"elementor-column elementor-col-25 elementor-top-column elementor-element elementor-element-b46b546\" data-id=\"b46b546\" data-element_type=\"column\" data-settings=\"{&quot;background_background&quot;:&quot;classic&quot;}\">\n\t\t\t<div class=\"elementor-widget-wrap elementor-element-populated\">\n\t\t\t\t\t\t\t\t<div class=\"elementor-element elementor-element-d9d97e8 elementor-widget elementor-widget-image\" data-id=\"d9d97e8\" data-element_type=\"widget\" data-widget_type=\"image.default\">\n\t\t\t\t<div class=\"elementor-widget-container\">\n\t\t\t\t\t\t\t\t\t\t\t\t\t\t\t<img loading=\"lazy\" decoding=\"async\" width=\"512\" height=\"512\" src=\"https:\/\/vsmhome.com\/wp-content\/uploads\/2025\/07\/Adsiz-tasarim-5.png\" class=\"attachment-large size-large wp-image-1275\" alt=\"\" srcset=\"https:\/\/vsmhome.com\/wp-content\/uploads\/2025\/07\/Adsiz-tasarim-5.png 512w, https:\/\/vsmhome.com\/wp-content\/uploads\/2025\/07\/Adsiz-tasarim-5-300x300.png 300w, https:\/\/vsmhome.com\/wp-content\/uploads\/2025\/07\/Adsiz-tasarim-5-150x150.png 150w, https:\/\/vsmhome.com\/wp-content\/uploads\/2025\/07\/Adsiz-tasarim-5-450x450.png 450w, https:\/\/vsmhome.com\/wp-content\/uploads\/2025\/07\/Adsiz-tasarim-5-90x90.png 90w, https:\/\/vsmhome.com\/wp-content\/uploads\/2025\/07\/Adsiz-tasarim-5-54x54.png 54w\" sizes=\"auto, (max-width: 512px) 100vw, 512px\" \/>\t\t\t\t\t\t\t\t\t\t\t\t\t\t\t<\/div>\n\t\t\t\t<\/div>\n\t\t\t\t<div class=\"elementor-element elementor-element-30d396b elementor-widget elementor-widget-heading\" data-id=\"30d396b\" data-element_type=\"widget\" data-widget_type=\"heading.default\">\n\t\t\t\t<div class=\"elementor-widget-container\">\n\t\t\t<h2 class=\"elementor-heading-title elementor-size-default\">Kalpli Kesim Panosu<\/h2>\t\t<\/div>\n\t\t\t\t<\/div>\n\t\t\t\t<div class=\"elementor-element elementor-element-0ed54bc elementor-align-center elementor-widget elementor-widget-button\" data-id=\"0ed54bc\" data-element_type=\"widget\" data-settings=\"{&quot;_animation&quot;:&quot;none&quot;}\" data-widget_type=\"button.default\">\n\t\t\t\t<div class=\"elementor-widget-container\">\n\t\t\t\t\t<div class=\"elementor-button-wrapper\">\n\t\t\t<a href=\"https:\/\/vsmhome.com\/index.php\/product\/kalpli-kesim-panosu\/\" class=\"elementor-button-link elementor-button elementor-size-md\" role=\"button\">\n\t\t\t\t\t\t<span class=\"elementor-button-content-wrapper\">\n\t\t\t\t\t\t\t<span class=\"elementor-button-icon elementor-align-icon-left\">\n\t\t\t\t<i aria-hidden=\"true\" class=\"far fa-arrow-alt-circle-right\"><\/i>\t\t\t<\/span>\n\t\t\t\t\t\t<span class=\"elementor-button-text\">\u00dcr\u00fcn\u00fc \u0130ncele<\/span>\n\t\t<\/span>\n\t\t\t\t\t<\/a>\n\t\t<\/div>\n\t\t\t\t<\/div>\n\t\t\t\t<\/div>\n\t\t\t\t\t<\/div>\n\t\t<\/div>\n\t\t\t\t\t\t\t<\/div>\n\t\t<\/section>\n\t\t\t\t\t\t\t<\/div>\n\t\t","protected":false},"excerpt":{"rendered":"<p>Kesim Panolar\u0131 Home B\u00fcy\u00fck D\u00fcz Kesim Panosu \u00dcr\u00fcn\u00fc \u0130ncele B\u00fcy\u00fck Sapl\u0131 Kesim Panosu \u00dcr\u00fcn\u00fc \u0130ncele L\u00fcks Kesim Panosu \u00dcr\u00fcn\u00fc \u0130ncele Kalpli Kesim Panosu \u00dcr\u00fcn\u00fc \u0130ncele<\/p>\n","protected":false},"author":1,"featured_media":0,"parent":0,"menu_order":0,"comment_status":"closed","ping_status":"closed","template":"","meta":{"footnotes":""},"class_list":["post-841","page","type-page","status-publish","hentry"],"_links":{"self":[{"href":"https:\/\/vsmhome.com\/index.php\/wp-json\/wp\/v2\/pages\/841","targetHints":{"allow":["GET"]}}],"collection":[{"href":"https:\/\/vsmhome.com\/index.php\/wp-json\/wp\/v2\/pages"}],"about":[{"href":"https:\/\/vsmhome.com\/index.php\/wp-json\/wp\/v2\/types\/page"}],"author":[{"embeddable":true,"href":"https:\/\/vsmhome.com\/index.php\/wp-json\/wp\/v2\/users\/1"}],"replies":[{"embeddable":true,"href":"https:\/\/vsmhome.com\/index.php\/wp-json\/wp\/v2\/comments?post=841"}],"version-history":[{"count":19,"href":"https:\/\/vsmhome.com\/index.php\/wp-json\/wp\/v2\/pages\/841\/revisions"}],"predecessor-version":[{"id":1278,"href":"https:\/\/vsmhome.com\/index.php\/wp-json\/wp\/v2\/pages\/841\/revisions\/1278"}],"wp:attachment":[{"href":"https:\/\/vsmhome.com\/index.php\/wp-json\/wp\/v2\/media?parent=841"}],"curies":[{"name":"wp","href":"https:\/\/api.w.org\/{rel}","templated":true}]}}