{"id":72,"date":"2020-09-11T17:19:24","date_gmt":"2020-09-11T17:19:24","guid":{"rendered":"http:\/\/klbtheme.com\/medibazar\/?post_type=product&#038;p=72"},"modified":"2023-06-22T05:17:37","modified_gmt":"2023-06-22T02:17:37","slug":"buyuk-duz-kesim-panosu","status":"publish","type":"product","link":"https:\/\/vsmhome.com\/index.php\/product\/buyuk-duz-kesim-panosu\/","title":{"rendered":"B\u00fcy\u00fck D\u00fcz Kesim Panosu"},"content":{"rendered":"","protected":false},"excerpt":{"rendered":"","protected":false},"featured_media":709,"comment_status":"open","ping_status":"closed","template":"","meta":[],"product_cat":[51,54],"product_tag":[],"class_list":["post-72","product","type-product","status-publish","has-post-thumbnail","hentry","product_cat-ferhome-kesim-panolari","product_cat-ferhome-mutfak-urunleri"],"_links":{"self":[{"href":"https:\/\/vsmhome.com\/index.php\/wp-json\/wp\/v2\/product\/72","targetHints":{"allow":["GET"]}}],"collection":[{"href":"https:\/\/vsmhome.com\/index.php\/wp-json\/wp\/v2\/product"}],"about":[{"href":"https:\/\/vsmhome.com\/index.php\/wp-json\/wp\/v2\/types\/product"}],"replies":[{"embeddable":true,"href":"https:\/\/vsmhome.com\/index.php\/wp-json\/wp\/v2\/comments?post=72"}],"wp:featuredmedia":[{"embeddable":true,"href":"https:\/\/vsmhome.com\/index.php\/wp-json\/wp\/v2\/media\/709"}],"wp:attachment":[{"href":"https:\/\/vsmhome.com\/index.php\/wp-json\/wp\/v2\/media?parent=72"}],"wp:term":[{"taxonomy":"product_cat","embeddable":true,"href":"https:\/\/vsmhome.com\/index.php\/wp-json\/wp\/v2\/product_cat?post=72"},{"taxonomy":"product_tag","embeddable":true,"href":"https:\/\/vsmhome.com\/index.php\/wp-json\/wp\/v2\/product_tag?post=72"}],"curies":[{"name":"wp","href":"https:\/\/api.w.org\/{rel}","templated":true}]}}