{"id":733,"date":"2023-06-09T16:34:29","date_gmt":"2023-06-09T13:34:29","guid":{"rendered":"https:\/\/vsmhome.com\/?post_type=product&#038;p=733"},"modified":"2023-06-22T05:15:48","modified_gmt":"2023-06-22T02:15:48","slug":"plastik-mutfak-banyo-askisi-6li","status":"publish","type":"product","link":"https:\/\/vsmhome.com\/index.php\/product\/plastik-mutfak-banyo-askisi-6li\/","title":{"rendered":"Plastik Mutfak Banyo Ask\u0131s\u0131 6&#8217;l\u0131"},"content":{"rendered":"","protected":false},"excerpt":{"rendered":"","protected":false},"featured_media":1038,"comment_status":"open","ping_status":"closed","template":"","meta":[],"product_cat":[55,56,54],"product_tag":[],"class_list":["post-733","product","type-product","status-publish","has-post-thumbnail","hentry","product_cat-ferhome-banyo-urunleri","product_cat-ferhome-ev-urunleri","product_cat-ferhome-mutfak-urunleri"],"_links":{"self":[{"href":"https:\/\/vsmhome.com\/index.php\/wp-json\/wp\/v2\/product\/733","targetHints":{"allow":["GET"]}}],"collection":[{"href":"https:\/\/vsmhome.com\/index.php\/wp-json\/wp\/v2\/product"}],"about":[{"href":"https:\/\/vsmhome.com\/index.php\/wp-json\/wp\/v2\/types\/product"}],"replies":[{"embeddable":true,"href":"https:\/\/vsmhome.com\/index.php\/wp-json\/wp\/v2\/comments?post=733"}],"wp:featuredmedia":[{"embeddable":true,"href":"https:\/\/vsmhome.com\/index.php\/wp-json\/wp\/v2\/media\/1038"}],"wp:attachment":[{"href":"https:\/\/vsmhome.com\/index.php\/wp-json\/wp\/v2\/media?parent=733"}],"wp:term":[{"taxonomy":"product_cat","embeddable":true,"href":"https:\/\/vsmhome.com\/index.php\/wp-json\/wp\/v2\/product_cat?post=733"},{"taxonomy":"product_tag","embeddable":true,"href":"https:\/\/vsmhome.com\/index.php\/wp-json\/wp\/v2\/product_tag?post=733"}],"curies":[{"name":"wp","href":"https:\/\/api.w.org\/{rel}","templated":true}]}}