{"id":747,"date":"2023-06-10T12:44:11","date_gmt":"2023-06-10T09:44:11","guid":{"rendered":"https:\/\/vsmhome.com\/?post_type=product&#038;p=747"},"modified":"2023-06-22T05:15:17","modified_gmt":"2023-06-22T02:15:17","slug":"buyuk-sivi-sabunluk-sungerli","status":"publish","type":"product","link":"https:\/\/vsmhome.com\/index.php\/product\/buyuk-sivi-sabunluk-sungerli\/","title":{"rendered":"B\u00fcy\u00fck S\u0131v\u0131 Sabunluk S\u00fcngerli"},"content":{"rendered":"","protected":false},"excerpt":{"rendered":"","protected":false},"featured_media":749,"comment_status":"open","ping_status":"closed","template":"","meta":[],"product_cat":[54,53],"product_tag":[],"class_list":["post-747","product","type-product","status-publish","has-post-thumbnail","hentry","product_cat-ferhome-mutfak-urunleri","product_cat-ferhome-sivi-sabunluklar"],"_links":{"self":[{"href":"https:\/\/vsmhome.com\/index.php\/wp-json\/wp\/v2\/product\/747","targetHints":{"allow":["GET"]}}],"collection":[{"href":"https:\/\/vsmhome.com\/index.php\/wp-json\/wp\/v2\/product"}],"about":[{"href":"https:\/\/vsmhome.com\/index.php\/wp-json\/wp\/v2\/types\/product"}],"replies":[{"embeddable":true,"href":"https:\/\/vsmhome.com\/index.php\/wp-json\/wp\/v2\/comments?post=747"}],"wp:featuredmedia":[{"embeddable":true,"href":"https:\/\/vsmhome.com\/index.php\/wp-json\/wp\/v2\/media\/749"}],"wp:attachment":[{"href":"https:\/\/vsmhome.com\/index.php\/wp-json\/wp\/v2\/media?parent=747"}],"wp:term":[{"taxonomy":"product_cat","embeddable":true,"href":"https:\/\/vsmhome.com\/index.php\/wp-json\/wp\/v2\/product_cat?post=747"},{"taxonomy":"product_tag","embeddable":true,"href":"https:\/\/vsmhome.com\/index.php\/wp-json\/wp\/v2\/product_tag?post=747"}],"curies":[{"name":"wp","href":"https:\/\/api.w.org\/{rel}","templated":true}]}}